{"id":16,"date":"2016-04-20T16:50:04","date_gmt":"2016-04-20T16:50:04","guid":{"rendered":"http:\/\/wp.gartenhallenbad.com\/?page_id=16"},"modified":"2025-02-26T16:47:31","modified_gmt":"2025-02-26T16:47:31","slug":"mitgliedschaft","status":"publish","type":"page","link":"https:\/\/gartenhallenbad.eu\/?page_id=16","title":{"rendered":"Mitgliedschaft"},"content":{"rendered":"<p>Unser Verein lebt von den Mitgliedern. Um unser Gartenhallenbad f\u00fcr die Bewohner von Nachrodt-Wiblingwerde und die umliegenden St\u00e4dte und Gemeinden zu erhalten, brauchen wir Ihre Unterst\u00fctzung. Unterst\u00fctzung Sie uns durch Ihre Mitgliedschaft. Die Aus\u00fcbung Ihrer Mitgliedschaft ist auf verschiedenen Wegen m\u00f6glich. Der f\u00fcr Sie einachste Weg ist die Leistung eines festen Jahresbeitrages. Sehr erw\u00fcnscht sind aber auch Mitgliedschaften, die ohne Beitragszahlung, aber mit einer festen Zeitzusage verbunden sind. Hier ist Ihr Einsatzf\u00fcr die verschiedensten Aufgabe gefragt. Besonders wichtig ist die \u00dcbernahme von Aufgaben rund um unser Gartenhallenbad. Aber auch die Betreuung von den Au\u00dfenanlagen ist sehr wichtig. Weiter ben\u00f6tigen wir Hilfe bei unseren j\u00e4hrlichen Aktionen.<\/p>\n<h5><strong><a href=\"https:\/\/gartenhallenbad.eu\/wp-content\/uploads\/2019\/07\/2019-Antrag-auf-Mitgliedschaft-im.pdf\" target=\"_blank\" rel=\"noopener\">Antrag auf Mitgliedschaft<\/a><\/strong><\/h5>\n<p><a href=\"https:\/\/gartenhallenbad.eu\/?page_id=45\">Satzung \u2013 F\u00f6rderverein Gartenhallenbad e.V.<\/a><\/p>\n<p>&nbsp;<\/p>\n\n\n<p><\/p>\n","protected":false},"excerpt":{"rendered":"<p>Unser Verein lebt von den Mitgliedern. Um unser Gartenhallenbad f\u00fcr die Bewohner von Nachrodt-Wiblingwerde und die umliegenden St\u00e4dte und Gemeinden zu erhalten, brauchen wir Ihre Unterst\u00fctzung. Unterst\u00fctzung Sie uns durch Ihre Mitgliedschaft. Die Aus\u00fcbung Ihrer Mitgliedschaft ist auf verschiedenen Wegen&hellip; <\/p>\n","protected":false},"author":1,"featured_media":0,"parent":0,"menu_order":0,"comment_status":"closed","ping_status":"closed","template":"","meta":{"footnotes":""},"class_list":["post-16","page","type-page","status-publish","hentry"],"_links":{"self":[{"href":"https:\/\/gartenhallenbad.eu\/index.php?rest_route=\/wp\/v2\/pages\/16","targetHints":{"allow":["GET"]}}],"collection":[{"href":"https:\/\/gartenhallenbad.eu\/index.php?rest_route=\/wp\/v2\/pages"}],"about":[{"href":"https:\/\/gartenhallenbad.eu\/index.php?rest_route=\/wp\/v2\/types\/page"}],"author":[{"embeddable":true,"href":"https:\/\/gartenhallenbad.eu\/index.php?rest_route=\/wp\/v2\/users\/1"}],"replies":[{"embeddable":true,"href":"https:\/\/gartenhallenbad.eu\/index.php?rest_route=%2Fwp%2Fv2%2Fcomments&post=16"}],"version-history":[{"count":9,"href":"https:\/\/gartenhallenbad.eu\/index.php?rest_route=\/wp\/v2\/pages\/16\/revisions"}],"predecessor-version":[{"id":459,"href":"https:\/\/gartenhallenbad.eu\/index.php?rest_route=\/wp\/v2\/pages\/16\/revisions\/459"}],"wp:attachment":[{"href":"https:\/\/gartenhallenbad.eu\/index.php?rest_route=%2Fwp%2Fv2%2Fmedia&parent=16"}],"curies":[{"name":"wp","href":"https:\/\/api.w.org\/{rel}","templated":true}]}}