{"id":30,"date":"2016-04-20T16:53:53","date_gmt":"2016-04-20T16:53:53","guid":{"rendered":"http:\/\/wp.gartenhallenbad.com\/?page_id=30"},"modified":"2025-05-08T11:40:37","modified_gmt":"2025-05-08T11:40:37","slug":"osterfeuer-2","status":"publish","type":"page","link":"https:\/\/gartenhallenbad.eu\/?page_id=30","title":{"rendered":"Osterfeuer"},"content":{"rendered":"<p><a href=\"http:\/\/gartenhallenbad.com\/wp-content\/uploads\/2016\/04\/2016-03-27-17.53.34.jpg\"><img loading=\"lazy\" decoding=\"async\" class=\"alignright wp-image-130\" src=\"http:\/\/wp.gartenhallenbad.com\/wp-content\/uploads\/2016\/04\/2016-03-27-17.53.34-225x300.jpg\" alt=\"2016-03-27 17.53.34\" width=\"295\" height=\"393\" srcset=\"https:\/\/gartenhallenbad.eu\/wp-content\/uploads\/2016\/04\/2016-03-27-17.53.34-225x300.jpg 225w, https:\/\/gartenhallenbad.eu\/wp-content\/uploads\/2016\/04\/2016-03-27-17.53.34-768x1024.jpg 768w\" sizes=\"auto, (max-width: 295px) 100vw, 295px\" \/><\/a>Das diesj\u00e4hrige Osterfeuer 2025 wurde wieder sehr gut besucht. Selbst nach starken Regenschauern fanden sich viele G\u00e4ste erneut auf dem Festplatz ein. Das zeigt uns, dass dieses Event sehr gut angenommen wird und einen gro\u00dfen Beitrag f\u00fcr die Gemeinschaft in unserer Gemeinde leistet. Auch f\u00fcr unser Gartenhallenbad war es wieder ein gro\u00dfer Erfolg. Mit dem Erl\u00f6s k\u00f6nnen wir sicherlich einige Dinge f\u00f6rdern, die unser Bad noch attraktiver machen.<\/p>\n<p>F\u00fcr Getr\u00e4nke und das leibliche Wohl war wieder einmal\u00a0 gut gesorgt. Das extra Kinderfeuer mit Stockbrotbacken kam bei den kleinen Besuchern sehr gut an.<\/p>\n<p>Bei Bratwurst, Pommes, Bier, Softgetr\u00e4nken und vielem mehr wurde es ein sehr sch\u00f6ner, gemeinsamer Abend.<\/p>\n<p><strong>An dieser Stelle einen ganz herzlichen Dank an die vielen ehrenamtlichen Helfer, ohne die eine solche Veranstaltung nicht m\u00f6glich w\u00e4re.<\/strong><\/p>\n<p>Hier einige Bilder vom Osterfeuer am Ostersonntag 2025 auf dem Platz hinter dem Gartenhallenbad:<\/p>\n<p><a href=\"https:\/\/gartenhallenbad.eu\/?page_id=511\">Bilder Osterfeuer 2025<\/a><\/p>\n<p>Organisationsleitung: ab 2020 Janina Jochheim<\/p>\n<p><strong>F\u00fcr Anregungen und Mithilfe freuen wir uns nat\u00fcrlich immer. Ohne eine breite Unterst\u00fctzung durch freiwillige Helfer k\u00f6nnen solche Aktionen nicht &#8222;gestemmt&#8220; werden. <\/strong><strong>Wenn Sie uns unterst\u00fctzen m\u00f6chten, bitten wir um eine kurze Nachricht: <\/strong><a href=\"mailto:foerderghbnawi@gmail.com\">foerderghbnawi@gmail.com<\/a><\/p>\n","protected":false},"excerpt":{"rendered":"<p>Das diesj\u00e4hrige Osterfeuer 2025 wurde wieder sehr gut besucht. Selbst nach starken Regenschauern fanden sich viele G\u00e4ste erneut auf dem Festplatz ein. Das zeigt uns, dass dieses Event sehr gut angenommen wird und einen gro\u00dfen Beitrag f\u00fcr die Gemeinschaft in&hellip; <\/p>\n","protected":false},"author":1,"featured_media":0,"parent":0,"menu_order":0,"comment_status":"closed","ping_status":"closed","template":"","meta":{"footnotes":""},"class_list":["post-30","page","type-page","status-publish","hentry"],"_links":{"self":[{"href":"https:\/\/gartenhallenbad.eu\/index.php?rest_route=\/wp\/v2\/pages\/30","targetHints":{"allow":["GET"]}}],"collection":[{"href":"https:\/\/gartenhallenbad.eu\/index.php?rest_route=\/wp\/v2\/pages"}],"about":[{"href":"https:\/\/gartenhallenbad.eu\/index.php?rest_route=\/wp\/v2\/types\/page"}],"author":[{"embeddable":true,"href":"https:\/\/gartenhallenbad.eu\/index.php?rest_route=\/wp\/v2\/users\/1"}],"replies":[{"embeddable":true,"href":"https:\/\/gartenhallenbad.eu\/index.php?rest_route=%2Fwp%2Fv2%2Fcomments&post=30"}],"version-history":[{"count":22,"href":"https:\/\/gartenhallenbad.eu\/index.php?rest_route=\/wp\/v2\/pages\/30\/revisions"}],"predecessor-version":[{"id":553,"href":"https:\/\/gartenhallenbad.eu\/index.php?rest_route=\/wp\/v2\/pages\/30\/revisions\/553"}],"wp:attachment":[{"href":"https:\/\/gartenhallenbad.eu\/index.php?rest_route=%2Fwp%2Fv2%2Fmedia&parent=30"}],"curies":[{"name":"wp","href":"https:\/\/api.w.org\/{rel}","templated":true}]}}