{"id":45,"date":"2016-04-20T17:15:06","date_gmt":"2016-04-20T17:15:06","guid":{"rendered":"http:\/\/wp.gartenhallenbad.com\/?page_id=45"},"modified":"2023-02-17T11:16:39","modified_gmt":"2023-02-17T11:16:39","slug":"satzung","status":"publish","type":"page","link":"https:\/\/gartenhallenbad.eu\/?page_id=45","title":{"rendered":"Satzung"},"content":{"rendered":"<p><strong>Satzung des F\u00f6rdervereins Gartenhallenbad Nachrodt-Wiblingwerde e.V.<\/strong><\/p>\n<p>Unser Ziel ist es, das Gartenhallenbad in unserer Gemeinde vor der Schlie\u00dfung zu bewahren. Dass diese Aufgabe nicht von einem F\u00f6rderverein allein gestemmt werden kann, zeigen die stillgelegten B\u00e4der in den St\u00e4dten und Gemeinden der n\u00e4heren und weiteren Umgebung. Neben der Politik sind hier die Mitarbeiter und Einwohner gefordert.\u00a0<\/p>\n<p>Durch die laufende \u00dcbernahme von Personalkosten und der Unterst\u00fctzung des erheblich erweiterten Kursangebotes haben wir als F\u00f6rderverein in den letzten Jahren die \u00d6ffnungszeiten verl\u00e4ngern und das Angebot des Gartenhallenbades deutlich erweitern k\u00f6nnen.\u00a0<\/p>\n<p>Von gr\u00f6\u00dfter Wichtigkeit ist aber, dass Sie, die B\u00fcrger von Nachrodt-Wiblingwerde, unser Gartenhallenbad tatkr\u00e4ftig unterst\u00fctzen. Das hilft nicht nur bei der Finanzierung, sondern zeigt uns, dass wir auf dem richtigen Weg sind.<\/p>\n<p>Unsere komplette Satzung k\u00f6nnen Sie hier einsehen:<\/p>\n\n\n<div class=\"wp-block-file\"><a id=\"wp-block-file--media-0174860a-6a4f-42a1-b412-64532d23ba57\" href=\"https:\/\/gartenhallenbad.eu\/wp-content\/uploads\/2023\/02\/2013_08_12-Endfassung-Satzung-Foerderverein.docx\">2013_08_12-Endfassung-Satzung F\u00f6rderverein<\/a><\/div>\n","protected":false},"excerpt":{"rendered":"<p>Satzung des F\u00f6rdervereins Gartenhallenbad Nachrodt-Wiblingwerde e.V. Unser Ziel ist es, das Gartenhallenbad in unserer Gemeinde vor der Schlie\u00dfung zu bewahren. Dass diese Aufgabe nicht von einem F\u00f6rderverein allein gestemmt werden kann, zeigen die stillgelegten B\u00e4der in den St\u00e4dten und Gemeinden&hellip; <\/p>\n","protected":false},"author":1,"featured_media":0,"parent":0,"menu_order":0,"comment_status":"closed","ping_status":"closed","template":"","meta":{"footnotes":""},"class_list":["post-45","page","type-page","status-publish","hentry"],"_links":{"self":[{"href":"https:\/\/gartenhallenbad.eu\/index.php?rest_route=\/wp\/v2\/pages\/45","targetHints":{"allow":["GET"]}}],"collection":[{"href":"https:\/\/gartenhallenbad.eu\/index.php?rest_route=\/wp\/v2\/pages"}],"about":[{"href":"https:\/\/gartenhallenbad.eu\/index.php?rest_route=\/wp\/v2\/types\/page"}],"author":[{"embeddable":true,"href":"https:\/\/gartenhallenbad.eu\/index.php?rest_route=\/wp\/v2\/users\/1"}],"replies":[{"embeddable":true,"href":"https:\/\/gartenhallenbad.eu\/index.php?rest_route=%2Fwp%2Fv2%2Fcomments&post=45"}],"version-history":[{"count":4,"href":"https:\/\/gartenhallenbad.eu\/index.php?rest_route=\/wp\/v2\/pages\/45\/revisions"}],"predecessor-version":[{"id":291,"href":"https:\/\/gartenhallenbad.eu\/index.php?rest_route=\/wp\/v2\/pages\/45\/revisions\/291"}],"wp:attachment":[{"href":"https:\/\/gartenhallenbad.eu\/index.php?rest_route=%2Fwp%2Fv2%2Fmedia&parent=45"}],"curies":[{"name":"wp","href":"https:\/\/api.w.org\/{rel}","templated":true}]}}