{"id":50,"date":"2016-04-20T17:16:00","date_gmt":"2016-04-20T17:16:00","guid":{"rendered":"http:\/\/wp.gartenhallenbad.com\/?page_id=50"},"modified":"2023-02-09T14:51:23","modified_gmt":"2023-02-09T14:51:23","slug":"spenden","status":"publish","type":"page","link":"https:\/\/gartenhallenbad.eu\/?page_id=50","title":{"rendered":"Spenden"},"content":{"rendered":"<p>M\u00f6chten Sie uns finanziell unterst\u00fctzen?<\/p>\n<p>Dann benutzen Sie bitte die nachstehende Bankverbindung:<br \/>IBAN : DE07458510200085033975<br \/>BIC : WELADED1PLB<br \/>Bankname: Vereinigte Sparkasse im M\u00e4rkischen Kreis<img loading=\"lazy\" decoding=\"async\" class=\"size-medium wp-image-141 alignright\" src=\"http:\/\/wp.gartenhallenbad.com\/wp-content\/uploads\/2016\/04\/schwein-300x197.jpg\" alt=\"schwein\" width=\"300\" height=\"197\" srcset=\"https:\/\/gartenhallenbad.eu\/wp-content\/uploads\/2016\/04\/schwein-300x197.jpg 300w, https:\/\/gartenhallenbad.eu\/wp-content\/uploads\/2016\/04\/schwein.jpg 400w\" sizes=\"auto, (max-width: 300px) 100vw, 300px\" \/><\/p>\n<p>Ihr Spende wird satzungsgem\u00e4\u00df f\u00fcr die auf der Hauptseite genannten Zwecke verwendet.<br \/>Selbstverst\u00e4ndlich erhalten Sie zeitnah eine Spendenquittung.<\/p>\n<p>Wollen Sie uns bei unseren Aktionen unterst\u00fctzen melden Sie sich bitte bei unserem Vorsitzenden:<br \/>Ulrich Knoop<br \/>Tel.: 02352-335892<br \/>eMail: <a href=\"mailto:ulrich.nw@gmail.com\">info@gartenhallenbad.eu<\/a><\/p>\n\n\n<p><\/p>\n","protected":false},"excerpt":{"rendered":"<p>M\u00f6chten Sie uns finanziell unterst\u00fctzen? Dann benutzen Sie bitte die nachstehende Bankverbindung:IBAN : DE07458510200085033975BIC : WELADED1PLBBankname: Vereinigte Sparkasse im M\u00e4rkischen Kreis Ihr Spende wird satzungsgem\u00e4\u00df f\u00fcr die auf der Hauptseite genannten Zwecke verwendet.Selbstverst\u00e4ndlich erhalten Sie zeitnah eine Spendenquittung. Wollen Sie&hellip; <\/p>\n","protected":false},"author":1,"featured_media":0,"parent":0,"menu_order":0,"comment_status":"closed","ping_status":"closed","template":"","meta":{"footnotes":""},"class_list":["post-50","page","type-page","status-publish","hentry"],"_links":{"self":[{"href":"https:\/\/gartenhallenbad.eu\/index.php?rest_route=\/wp\/v2\/pages\/50","targetHints":{"allow":["GET"]}}],"collection":[{"href":"https:\/\/gartenhallenbad.eu\/index.php?rest_route=\/wp\/v2\/pages"}],"about":[{"href":"https:\/\/gartenhallenbad.eu\/index.php?rest_route=\/wp\/v2\/types\/page"}],"author":[{"embeddable":true,"href":"https:\/\/gartenhallenbad.eu\/index.php?rest_route=\/wp\/v2\/users\/1"}],"replies":[{"embeddable":true,"href":"https:\/\/gartenhallenbad.eu\/index.php?rest_route=%2Fwp%2Fv2%2Fcomments&post=50"}],"version-history":[{"count":6,"href":"https:\/\/gartenhallenbad.eu\/index.php?rest_route=\/wp\/v2\/pages\/50\/revisions"}],"predecessor-version":[{"id":280,"href":"https:\/\/gartenhallenbad.eu\/index.php?rest_route=\/wp\/v2\/pages\/50\/revisions\/280"}],"wp:attachment":[{"href":"https:\/\/gartenhallenbad.eu\/index.php?rest_route=%2Fwp%2Fv2%2Fmedia&parent=50"}],"curies":[{"name":"wp","href":"https:\/\/api.w.org\/{rel}","templated":true}]}}