{"id":8,"date":"2016-07-12T16:43:29","date_gmt":"2016-07-12T16:43:29","guid":{"rendered":"http:\/\/wp.gartenhallenbad.com\/?page_id=8"},"modified":"2026-03-17T18:16:23","modified_gmt":"2026-03-17T18:16:23","slug":"home","status":"publish","type":"page","link":"https:\/\/gartenhallenbad.eu\/","title":{"rendered":"Herzlich Willkommen"},"content":{"rendered":"\n<p><strong>Unser n\u00e4chstes Event in Nachrodt-Wiblingwerde:&nbsp; &nbsp; &nbsp; &nbsp; &nbsp; &nbsp; &nbsp; &nbsp; &nbsp;<\/strong><\/p>\n\n\n\n<h2 class=\"wp-block-heading\"><strong><span style=\"color: #ff0000;\">Gro\u00dfes Osterfeuer am Ostersonntag, <\/span><\/strong>05.04.2026<\/h2>\n\n\n\n<figure class=\"wp-block-image size-large is-resized\"><img loading=\"lazy\" decoding=\"async\" width=\"1024\" height=\"768\" src=\"https:\/\/gartenhallenbad.eu\/wp-content\/uploads\/2026\/03\/20230409_204325-1024x768.jpg\" alt=\"\" class=\"wp-image-570\" style=\"width:341px;height:auto\" srcset=\"https:\/\/gartenhallenbad.eu\/wp-content\/uploads\/2026\/03\/20230409_204325-1024x768.jpg 1024w, https:\/\/gartenhallenbad.eu\/wp-content\/uploads\/2026\/03\/20230409_204325-300x225.jpg 300w, https:\/\/gartenhallenbad.eu\/wp-content\/uploads\/2026\/03\/20230409_204325-768x576.jpg 768w, https:\/\/gartenhallenbad.eu\/wp-content\/uploads\/2026\/03\/20230409_204325-1536x1152.jpg 1536w, https:\/\/gartenhallenbad.eu\/wp-content\/uploads\/2026\/03\/20230409_204325-2048x1536.jpg 2048w\" sizes=\"auto, (max-width: 1024px) 100vw, 1024px\" \/><\/figure>\n\n\n\n<h2 class=\"wp-block-heading\"><strong style=\"font-size: 16px;\">Startet traditionell gegen 17h mit Stockbrot am Kinderfeuer<\/strong><\/h2>\n\n\n\n<p>&nbsp;<\/p>\n\n\n<div class=\"wp-block-image\">\n<figure class=\"alignright\"><img loading=\"lazy\" decoding=\"async\" width=\"200\" height=\"300\" src=\"https:\/\/gartenhallenbad.eu\/wp-content\/uploads\/2016\/04\/Fotolia_43737991_S-200x300.jpg\" alt=\"Schwimmer beim Kopfsprung\" class=\"wp-image-136\"\/><\/figure>\n<\/div>\n\n\n<p>Sch\u00f6n, dass Sie sich virtuell zu uns bewegt haben. Unser Gartenhallenbad bietet Ihnen die M\u00f6glichkeit, sich nicht nur virtuell, sondern auch ganz real zu bewegen. Einzelheiten erfahren Sie auf der Seite des Tr\u00e4gervereins. <a href=\"https:\/\/www.buergerbad.net\">https:\/\/www.b\u00fcrgerbad.net<\/a><\/p>\n\n\n\n<p>Am 01.04.2013 haben wir als F\u00f6rderverein die Verantwortung f\u00fcr unser Gartenhallenbad vor\u00fcbergehend \u00fcbernommen.<\/p>\n\n\n\n<p>Seit dem 01.08.2013 ist der Tr\u00e4gerverein allein f\u00fcr die F\u00fchrung unseres Gartenhallenbades verantwortlich.<br>Wir als F\u00f6rderverein unterst\u00fctzen den Tr\u00e4gerverein finanziell. Unser Schwerpunkt liegt in der \u00dcbernahme der Personalkosten an den Wochenenden. Zus\u00e4tzlich \u00fcbernehmen wir die Honorare der \u00dcbungsleiter f\u00fcr verschiedene Kursangebote. Bei besonderen Anschaffungen versuchen wir ebenfalls im Rahmen unserer M\u00f6glichkeiten zu helfen.<\/p>\n\n\n\n<p>Wir finanzieren uns zun\u00e4chst \u00fcber Mitgliedsbeitr\u00e4ge. Eine weitere ganz wichtige Einnahmequelle sind Spenden. Von besonderer Bedeutung ist die Mithilfe vieler Helfer bei den verschiedensten Aktionen unseres F\u00f6rdervereins.<\/p>\n\n\n\n<p>Beispielhaft sei hier die Aktion &#8222;Hallentr\u00f6del&#8220; genannt. Unter Leitung von Christian Pohlmann wird diese Aktion jeweils im Fr\u00fchjahr und Herbst durchgef\u00fchrt. Da die Halle f\u00fcr viele Jahre leider nicht mehr zur Verf\u00fcgung stehen wird, fand der diesj\u00e4hrige Tr\u00f6delmarkt im April 2023 erstmalig wieder unter freiem Himmel auf dem Edeka Parkplatz statt.&nbsp;<\/p>\n\n\n\n<p>Eine weitere wichtige Aktion ist unser Osterfeuer unter der Leitung von Janina Jochheim. Das Osterfeuer findet immer am Ostersonntag statt und ist inzwischen ein gro\u00dfes Gemeindefest. Auch hier sind wir wieder auf viele freiwillige Helfer angewiesen.<\/p>\n\n\n\n<p>Weitere Einnahmen generieren wir durch die Mitwirkung am Weihnachtsmarkt und der Veranstaltung &#8222;Die Lenne lebt&#8220;<\/p>\n\n\n\n<hr class=\"wp-block-separator has-alpha-channel-opacity\"\/>\n\n\n\n<p>Voraussichtlich kann der Badebetrieb zu <strong>Ostern 2026 <\/strong>wieder aufgenommen werden<\/p>\n\n\n\n<p><a href=\"http:\/\/buergerbad.net\" target=\"_blank\" rel=\"noreferrer noopener\"><strong>Alle Informationen zu \u00d6ffnungszeiten und Kursangeboten finden Sie auf der Seite des Tr\u00e4gervereins.<\/strong><\/a><\/p>\n\n\n<div class=\"wp-block-image\">\n<figure class=\"aligncenter\"><a href=\"http:\/\/b\u00fcrgerbad.com\" target=\"_blank\" rel=\"noopener noreferrer\"><img loading=\"lazy\" decoding=\"async\" width=\"720\" height=\"188\" src=\"https:\/\/gartenhallenbad.eu\/wp-content\/uploads\/2016\/04\/cache_3506578.jpg\" alt=\"cache_3506578\" class=\"wp-image-138\" srcset=\"https:\/\/gartenhallenbad.eu\/wp-content\/uploads\/2016\/04\/cache_3506578.jpg 720w, https:\/\/gartenhallenbad.eu\/wp-content\/uploads\/2016\/04\/cache_3506578-300x78.jpg 300w\" sizes=\"auto, (max-width: 720px) 100vw, 720px\" \/><\/a><\/figure>\n<\/div>\n\n\n<p><\/p>\n\n\n\n<p><\/p>\n\n\n\n<p><\/p>\n\n\n\n<p><\/p>\n","protected":false},"excerpt":{"rendered":"<p>Unser n\u00e4chstes Event in Nachrodt-Wiblingwerde:&nbsp; &nbsp; &nbsp; &nbsp; &nbsp; &nbsp; &nbsp; &nbsp; &nbsp; Gro\u00dfes Osterfeuer am Ostersonntag, 05.04.2026 Startet traditionell gegen 17h mit Stockbrot am Kinderfeuer &nbsp; Sch\u00f6n, dass Sie sich virtuell zu uns bewegt haben. Unser Gartenhallenbad bietet Ihnen&hellip; <\/p>\n","protected":false},"author":2,"featured_media":0,"parent":0,"menu_order":0,"comment_status":"closed","ping_status":"closed","template":"","meta":{"footnotes":""},"class_list":["post-8","page","type-page","status-publish","hentry"],"_links":{"self":[{"href":"https:\/\/gartenhallenbad.eu\/index.php?rest_route=\/wp\/v2\/pages\/8","targetHints":{"allow":["GET"]}}],"collection":[{"href":"https:\/\/gartenhallenbad.eu\/index.php?rest_route=\/wp\/v2\/pages"}],"about":[{"href":"https:\/\/gartenhallenbad.eu\/index.php?rest_route=\/wp\/v2\/types\/page"}],"author":[{"embeddable":true,"href":"https:\/\/gartenhallenbad.eu\/index.php?rest_route=\/wp\/v2\/users\/2"}],"replies":[{"embeddable":true,"href":"https:\/\/gartenhallenbad.eu\/index.php?rest_route=%2Fwp%2Fv2%2Fcomments&post=8"}],"version-history":[{"count":51,"href":"https:\/\/gartenhallenbad.eu\/index.php?rest_route=\/wp\/v2\/pages\/8\/revisions"}],"predecessor-version":[{"id":573,"href":"https:\/\/gartenhallenbad.eu\/index.php?rest_route=\/wp\/v2\/pages\/8\/revisions\/573"}],"wp:attachment":[{"href":"https:\/\/gartenhallenbad.eu\/index.php?rest_route=%2Fwp%2Fv2%2Fmedia&parent=8"}],"curies":[{"name":"wp","href":"https:\/\/api.w.org\/{rel}","templated":true}]}}